{"id":449,"date":"2020-10-13T15:21:19","date_gmt":"2020-10-13T15:21:19","guid":{"rendered":"https:\/\/onlinenevjegykartya.hu\/szerk\/?page_id=449"},"modified":"2023-03-27T13:24:14","modified_gmt":"2023-03-27T13:24:14","slug":"kupon","status":"publish","type":"page","link":"https:\/\/onlinenevjegykartya.hu\/szerk\/kupon\/","title":{"rendered":"Kuponok"},"content":{"rendered":"\n<div class=\"wp-block-media-text alignwide is-stacked-on-mobile\" style=\"grid-template-columns:15% auto\"><figure class=\"wp-block-media-text__media\"><img loading=\"lazy\" decoding=\"async\" width=\"160\" height=\"160\" src=\"https:\/\/onlinenevjegykartya.hu\/szerk\/wp-content\/uploads\/2020\/10\/kupon-2.png\" alt=\"\" class=\"wp-image-557 size-full\" srcset=\"https:\/\/onlinenevjegykartya.hu\/szerk\/wp-content\/uploads\/2020\/10\/kupon-2.png 160w, https:\/\/onlinenevjegykartya.hu\/szerk\/wp-content\/uploads\/2020\/10\/kupon-2-150x150.png 150w, https:\/\/onlinenevjegykartya.hu\/szerk\/wp-content\/uploads\/2020\/10\/kupon-2-100x100.png 100w\" sizes=\"auto, (max-width: 160px) 100vw, 160px\" \/><\/figure><div class=\"wp-block-media-text__content\">\n<p class=\"has-text-align-center\">Kedvezm\u00e9nyes kuponokat adunk aj\u00e1nd\u00e9kba, ha seg\u00edti oldalunkat megoszt\u00e1ssal vagy kedvel\u00e9ssel. K\u00f6sz\u00f6nj\u00fck! \ud83d\ude42<\/p>\n<\/div><\/div>\n\n\n\n           \r\n            <div class=\"onp-locker-call\" style=\"display: none;\" data-lock-id=\"onpLock299676\">\r\n                <p> <\/p>\n\n\n\n<p class=\"has-text-align-center\">K\u00f6sz\u00f6nj\u00fck a seg\u00edts\u00e9get!<\/p>\n\n\n\n<h3 class=\"has-text-align-center wp-block-heading\">Az 500 Ft-os kupon k\u00f3d a k\u00f6vetkez\u0151:<\/h3>\n\n\n\n<h2 class=\"has-text-align-center has-vivid-red-color has-text-color wp-block-heading\">FBLK21<\/h2>\n\n\n\n<p class=\"has-text-align-center\">A kupon egyszer haszn\u00e1lhat\u00f3 fel! A kos\u00e1rn\u00e1l tudja \u00e9rv\u00e9nyes\u00edteni.<\/p>\n\n\n\n<hr class=\"wp-block-separator has-css-opacity\"\/>\n\n\n\n<p><\/p>\n\n\n\n<p> <\/p>\r\n            <\/div>\r\n         \r\n\r\n        \n\n\n\n<p><\/p>\n\n\n\n<p><\/p>\n\n\n\n           \r\n            <div class=\"onp-locker-call\" style=\"display: none;\" data-lock-id=\"onpLock871791\">\r\n                <p> <\/p>\n\n\n\n<p class=\"has-text-align-center\">K\u00f6sz\u00f6nj\u00fck a seg\u00edts\u00e9get!<\/p>\n\n\n\n<h3 class=\"has-text-align-center wp-block-heading\">Az 1000 Ft-os kupon k\u00f3d a k\u00f6vetkez\u0151:<\/h3>\n\n\n\n<h2 class=\"has-text-align-center has-vivid-red-color has-text-color wp-block-heading\">FBM11<\/h2>\n\n\n\n<p class=\"has-text-align-center\">A kupon egyszer haszn\u00e1lhat\u00f3 fel! A kos\u00e1rn\u00e1l tudja \u00e9rv\u00e9nyes\u00edteni.<\/p>\n\n\n\n<hr class=\"wp-block-separator has-css-opacity\"\/>\n\n\n\n<p><\/p>\n\n\n\n<p> <\/p>\r\n            <\/div>\r\n         \r\n\r\n        \n\n\n\n<p><\/p>\n","protected":false},"excerpt":{"rendered":"<p>Kedvezm\u00e9nyes kuponokat adunk aj\u00e1nd\u00e9kba, ha seg\u00edti oldalunkat megoszt\u00e1ssal vagy kedvel\u00e9ssel. K\u00f6sz\u00f6nj\u00fck! \ud83d\ude42<\/p>\n","protected":false},"author":1,"featured_media":0,"parent":0,"menu_order":0,"comment_status":"closed","ping_status":"closed","template":"","meta":{"footnotes":""},"class_list":["post-449","page","type-page","status-publish","hentry"],"yoast_head":"<!-- This site is optimized with the Yoast SEO plugin v26.5 - https:\/\/yoast.com\/wordpress\/plugins\/seo\/ -->\n<title>Kuponok - OnlineN\u00e9vjegyk\u00e1rtya.hu<\/title>\n<meta name=\"description\" content=\"Kedvezm\u00e9nyes kuponokat adunk aj\u00e1nd\u00e9kba, ha seg\u00edti oldalunkat megoszt\u00e1ssal vagy kedvel\u00e9ssel. K\u00f6sz\u00f6nj\u00fck! :)\" \/>\n<meta name=\"robots\" content=\"index, follow, max-snippet:-1, max-image-preview:large, max-video-preview:-1\" \/>\n<link rel=\"canonical\" href=\"https:\/\/onlinenevjegykartya.hu\/szerk\/kupon\/\" \/>\n<meta property=\"og:locale\" content=\"hu_HU\" \/>\n<meta property=\"og:type\" content=\"article\" \/>\n<meta property=\"og:title\" content=\"Kuponok - OnlineN\u00e9vjegyk\u00e1rtya.hu\" \/>\n<meta property=\"og:description\" content=\"Kedvezm\u00e9nyes kuponokat adunk aj\u00e1nd\u00e9kba, ha seg\u00edti oldalunkat megoszt\u00e1ssal vagy kedvel\u00e9ssel. K\u00f6sz\u00f6nj\u00fck! :)\" \/>\n<meta property=\"og:url\" content=\"https:\/\/onlinenevjegykartya.hu\/szerk\/kupon\/\" \/>\n<meta property=\"og:site_name\" content=\"OnlineN\u00e9vjegyk\u00e1rtya.hu\" \/>\n<meta property=\"article:modified_time\" content=\"2023-03-27T13:24:14+00:00\" \/>\n<meta property=\"og:image\" content=\"https:\/\/onlinenevjegykartya.hu\/szerk\/wp-content\/uploads\/2020\/10\/kupon-2.png\" \/>\n<meta name=\"twitter:card\" content=\"summary_large_image\" \/>\n<meta name=\"twitter:label1\" content=\"Becs\u00fclt olvas\u00e1si id\u0151\" \/>\n\t<meta name=\"twitter:data1\" content=\"1 perc\" \/>\n<script type=\"application\/ld+json\" class=\"yoast-schema-graph\">{\"@context\":\"https:\/\/schema.org\",\"@graph\":[{\"@type\":\"WebPage\",\"@id\":\"https:\/\/onlinenevjegykartya.hu\/szerk\/kupon\/\",\"url\":\"https:\/\/onlinenevjegykartya.hu\/szerk\/kupon\/\",\"name\":\"Kuponok - OnlineN\u00e9vjegyk\u00e1rtya.hu\",\"isPartOf\":{\"@id\":\"https:\/\/onlinenevjegykartya.hu\/szerk\/#website\"},\"primaryImageOfPage\":{\"@id\":\"https:\/\/onlinenevjegykartya.hu\/szerk\/kupon\/#primaryimage\"},\"image\":{\"@id\":\"https:\/\/onlinenevjegykartya.hu\/szerk\/kupon\/#primaryimage\"},\"thumbnailUrl\":\"https:\/\/onlinenevjegykartya.hu\/szerk\/wp-content\/uploads\/2020\/10\/kupon-2.png\",\"datePublished\":\"2020-10-13T15:21:19+00:00\",\"dateModified\":\"2023-03-27T13:24:14+00:00\",\"description\":\"Kedvezm\u00e9nyes kuponokat adunk aj\u00e1nd\u00e9kba, ha seg\u00edti oldalunkat megoszt\u00e1ssal vagy kedvel\u00e9ssel. K\u00f6sz\u00f6nj\u00fck! :)\",\"breadcrumb\":{\"@id\":\"https:\/\/onlinenevjegykartya.hu\/szerk\/kupon\/#breadcrumb\"},\"inLanguage\":\"hu\",\"potentialAction\":[{\"@type\":\"ReadAction\",\"target\":[\"https:\/\/onlinenevjegykartya.hu\/szerk\/kupon\/\"]}]},{\"@type\":\"ImageObject\",\"inLanguage\":\"hu\",\"@id\":\"https:\/\/onlinenevjegykartya.hu\/szerk\/kupon\/#primaryimage\",\"url\":\"https:\/\/onlinenevjegykartya.hu\/szerk\/wp-content\/uploads\/2020\/10\/kupon-2.png\",\"contentUrl\":\"https:\/\/onlinenevjegykartya.hu\/szerk\/wp-content\/uploads\/2020\/10\/kupon-2.png\",\"width\":160,\"height\":160},{\"@type\":\"BreadcrumbList\",\"@id\":\"https:\/\/onlinenevjegykartya.hu\/szerk\/kupon\/#breadcrumb\",\"itemListElement\":[{\"@type\":\"ListItem\",\"position\":1,\"name\":\"Kezd\u0151lap\",\"item\":\"https:\/\/onlinenevjegykartya.hu\/szerk\/\"},{\"@type\":\"ListItem\",\"position\":2,\"name\":\"Kuponok\"}]},{\"@type\":\"WebSite\",\"@id\":\"https:\/\/onlinenevjegykartya.hu\/szerk\/#website\",\"url\":\"https:\/\/onlinenevjegykartya.hu\/szerk\/\",\"name\":\"OnlineN\u00e9vjegyk\u00e1rtya.hu\",\"description\":\"n\u00e9vjegyk\u00e1rtya k\u00e9sz\u00edt\u00e9s\",\"potentialAction\":[{\"@type\":\"SearchAction\",\"target\":{\"@type\":\"EntryPoint\",\"urlTemplate\":\"https:\/\/onlinenevjegykartya.hu\/szerk\/?s={search_term_string}\"},\"query-input\":{\"@type\":\"PropertyValueSpecification\",\"valueRequired\":true,\"valueName\":\"search_term_string\"}}],\"inLanguage\":\"hu\"}]}<\/script>\n<!-- \/ Yoast SEO plugin. -->","yoast_head_json":{"title":"Kuponok - OnlineN\u00e9vjegyk\u00e1rtya.hu","description":"Kedvezm\u00e9nyes kuponokat adunk aj\u00e1nd\u00e9kba, ha seg\u00edti oldalunkat megoszt\u00e1ssal vagy kedvel\u00e9ssel. K\u00f6sz\u00f6nj\u00fck! :)","robots":{"index":"index","follow":"follow","max-snippet":"max-snippet:-1","max-image-preview":"max-image-preview:large","max-video-preview":"max-video-preview:-1"},"canonical":"https:\/\/onlinenevjegykartya.hu\/szerk\/kupon\/","og_locale":"hu_HU","og_type":"article","og_title":"Kuponok - OnlineN\u00e9vjegyk\u00e1rtya.hu","og_description":"Kedvezm\u00e9nyes kuponokat adunk aj\u00e1nd\u00e9kba, ha seg\u00edti oldalunkat megoszt\u00e1ssal vagy kedvel\u00e9ssel. K\u00f6sz\u00f6nj\u00fck! :)","og_url":"https:\/\/onlinenevjegykartya.hu\/szerk\/kupon\/","og_site_name":"OnlineN\u00e9vjegyk\u00e1rtya.hu","article_modified_time":"2023-03-27T13:24:14+00:00","og_image":[{"url":"https:\/\/onlinenevjegykartya.hu\/szerk\/wp-content\/uploads\/2020\/10\/kupon-2.png","type":"","width":"","height":""}],"twitter_card":"summary_large_image","twitter_misc":{"Becs\u00fclt olvas\u00e1si id\u0151":"1 perc"},"schema":{"@context":"https:\/\/schema.org","@graph":[{"@type":"WebPage","@id":"https:\/\/onlinenevjegykartya.hu\/szerk\/kupon\/","url":"https:\/\/onlinenevjegykartya.hu\/szerk\/kupon\/","name":"Kuponok - OnlineN\u00e9vjegyk\u00e1rtya.hu","isPartOf":{"@id":"https:\/\/onlinenevjegykartya.hu\/szerk\/#website"},"primaryImageOfPage":{"@id":"https:\/\/onlinenevjegykartya.hu\/szerk\/kupon\/#primaryimage"},"image":{"@id":"https:\/\/onlinenevjegykartya.hu\/szerk\/kupon\/#primaryimage"},"thumbnailUrl":"https:\/\/onlinenevjegykartya.hu\/szerk\/wp-content\/uploads\/2020\/10\/kupon-2.png","datePublished":"2020-10-13T15:21:19+00:00","dateModified":"2023-03-27T13:24:14+00:00","description":"Kedvezm\u00e9nyes kuponokat adunk aj\u00e1nd\u00e9kba, ha seg\u00edti oldalunkat megoszt\u00e1ssal vagy kedvel\u00e9ssel. K\u00f6sz\u00f6nj\u00fck! :)","breadcrumb":{"@id":"https:\/\/onlinenevjegykartya.hu\/szerk\/kupon\/#breadcrumb"},"inLanguage":"hu","potentialAction":[{"@type":"ReadAction","target":["https:\/\/onlinenevjegykartya.hu\/szerk\/kupon\/"]}]},{"@type":"ImageObject","inLanguage":"hu","@id":"https:\/\/onlinenevjegykartya.hu\/szerk\/kupon\/#primaryimage","url":"https:\/\/onlinenevjegykartya.hu\/szerk\/wp-content\/uploads\/2020\/10\/kupon-2.png","contentUrl":"https:\/\/onlinenevjegykartya.hu\/szerk\/wp-content\/uploads\/2020\/10\/kupon-2.png","width":160,"height":160},{"@type":"BreadcrumbList","@id":"https:\/\/onlinenevjegykartya.hu\/szerk\/kupon\/#breadcrumb","itemListElement":[{"@type":"ListItem","position":1,"name":"Kezd\u0151lap","item":"https:\/\/onlinenevjegykartya.hu\/szerk\/"},{"@type":"ListItem","position":2,"name":"Kuponok"}]},{"@type":"WebSite","@id":"https:\/\/onlinenevjegykartya.hu\/szerk\/#website","url":"https:\/\/onlinenevjegykartya.hu\/szerk\/","name":"OnlineN\u00e9vjegyk\u00e1rtya.hu","description":"n\u00e9vjegyk\u00e1rtya k\u00e9sz\u00edt\u00e9s","potentialAction":[{"@type":"SearchAction","target":{"@type":"EntryPoint","urlTemplate":"https:\/\/onlinenevjegykartya.hu\/szerk\/?s={search_term_string}"},"query-input":{"@type":"PropertyValueSpecification","valueRequired":true,"valueName":"search_term_string"}}],"inLanguage":"hu"}]}},"jetpack_sharing_enabled":true,"_links":{"self":[{"href":"https:\/\/onlinenevjegykartya.hu\/szerk\/wp-json\/wp\/v2\/pages\/449","targetHints":{"allow":["GET"]}}],"collection":[{"href":"https:\/\/onlinenevjegykartya.hu\/szerk\/wp-json\/wp\/v2\/pages"}],"about":[{"href":"https:\/\/onlinenevjegykartya.hu\/szerk\/wp-json\/wp\/v2\/types\/page"}],"author":[{"embeddable":true,"href":"https:\/\/onlinenevjegykartya.hu\/szerk\/wp-json\/wp\/v2\/users\/1"}],"replies":[{"embeddable":true,"href":"https:\/\/onlinenevjegykartya.hu\/szerk\/wp-json\/wp\/v2\/comments?post=449"}],"version-history":[{"count":39,"href":"https:\/\/onlinenevjegykartya.hu\/szerk\/wp-json\/wp\/v2\/pages\/449\/revisions"}],"predecessor-version":[{"id":4376,"href":"https:\/\/onlinenevjegykartya.hu\/szerk\/wp-json\/wp\/v2\/pages\/449\/revisions\/4376"}],"wp:attachment":[{"href":"https:\/\/onlinenevjegykartya.hu\/szerk\/wp-json\/wp\/v2\/media?parent=449"}],"curies":[{"name":"wp","href":"https:\/\/api.w.org\/{rel}","templated":true}]}}