{"id":7,"date":"2020-07-29T14:45:36","date_gmt":"2020-07-29T14:45:36","guid":{"rendered":"https:\/\/on4.onlinenevjegykartya.hu\/kosar\/"},"modified":"2020-07-29T14:45:36","modified_gmt":"2020-07-29T14:45:36","slug":"kosar","status":"publish","type":"page","link":"https:\/\/onlinenevjegykartya.hu\/szerk\/kosar\/","title":{"rendered":"Kos\u00e1r"},"content":{"rendered":"\n","protected":false},"excerpt":{"rendered":"","protected":false},"author":1,"featured_media":0,"parent":0,"menu_order":0,"comment_status":"closed","ping_status":"closed","template":"","meta":{"footnotes":""},"class_list":["post-7","page","type-page","status-publish","hentry"],"yoast_head":"<!-- This site is optimized with the Yoast SEO plugin v26.5 - https:\/\/yoast.com\/wordpress\/plugins\/seo\/ -->\n<title>Kos\u00e1r - OnlineN\u00e9vjegyk\u00e1rtya.hu<\/title>\n<meta name=\"robots\" content=\"index, follow, max-snippet:-1, max-image-preview:large, max-video-preview:-1\" \/>\n<link rel=\"canonical\" href=\"https:\/\/onlinenevjegykartya.hu\/szerk\/kosar\/\" \/>\n<meta property=\"og:locale\" content=\"hu_HU\" \/>\n<meta property=\"og:type\" content=\"article\" \/>\n<meta property=\"og:title\" content=\"Kos\u00e1r - OnlineN\u00e9vjegyk\u00e1rtya.hu\" \/>\n<meta property=\"og:url\" content=\"https:\/\/onlinenevjegykartya.hu\/szerk\/kosar\/\" \/>\n<meta property=\"og:site_name\" content=\"OnlineN\u00e9vjegyk\u00e1rtya.hu\" \/>\n<meta name=\"twitter:card\" content=\"summary_large_image\" \/>\n<script type=\"application\/ld+json\" class=\"yoast-schema-graph\">{\"@context\":\"https:\/\/schema.org\",\"@graph\":[{\"@type\":\"WebPage\",\"@id\":\"https:\/\/onlinenevjegykartya.hu\/szerk\/kosar\/\",\"url\":\"https:\/\/onlinenevjegykartya.hu\/szerk\/kosar\/\",\"name\":\"Kos\u00e1r - OnlineN\u00e9vjegyk\u00e1rtya.hu\",\"isPartOf\":{\"@id\":\"https:\/\/onlinenevjegykartya.hu\/szerk\/#website\"},\"datePublished\":\"2020-07-29T14:45:36+00:00\",\"breadcrumb\":{\"@id\":\"https:\/\/onlinenevjegykartya.hu\/szerk\/kosar\/#breadcrumb\"},\"inLanguage\":\"hu\",\"potentialAction\":[{\"@type\":\"ReadAction\",\"target\":[\"https:\/\/onlinenevjegykartya.hu\/szerk\/kosar\/\"]}]},{\"@type\":\"BreadcrumbList\",\"@id\":\"https:\/\/onlinenevjegykartya.hu\/szerk\/kosar\/#breadcrumb\",\"itemListElement\":[{\"@type\":\"ListItem\",\"position\":1,\"name\":\"Kezd\u0151lap\",\"item\":\"https:\/\/onlinenevjegykartya.hu\/szerk\/\"},{\"@type\":\"ListItem\",\"position\":2,\"name\":\"Kos\u00e1r\"}]},{\"@type\":\"WebSite\",\"@id\":\"https:\/\/onlinenevjegykartya.hu\/szerk\/#website\",\"url\":\"https:\/\/onlinenevjegykartya.hu\/szerk\/\",\"name\":\"OnlineN\u00e9vjegyk\u00e1rtya.hu\",\"description\":\"n\u00e9vjegyk\u00e1rtya k\u00e9sz\u00edt\u00e9s\",\"potentialAction\":[{\"@type\":\"SearchAction\",\"target\":{\"@type\":\"EntryPoint\",\"urlTemplate\":\"https:\/\/onlinenevjegykartya.hu\/szerk\/?s={search_term_string}\"},\"query-input\":{\"@type\":\"PropertyValueSpecification\",\"valueRequired\":true,\"valueName\":\"search_term_string\"}}],\"inLanguage\":\"hu\"}]}<\/script>\n<!-- \/ Yoast SEO plugin. -->","yoast_head_json":{"title":"Kos\u00e1r - OnlineN\u00e9vjegyk\u00e1rtya.hu","robots":{"index":"index","follow":"follow","max-snippet":"max-snippet:-1","max-image-preview":"max-image-preview:large","max-video-preview":"max-video-preview:-1"},"canonical":"https:\/\/onlinenevjegykartya.hu\/szerk\/kosar\/","og_locale":"hu_HU","og_type":"article","og_title":"Kos\u00e1r - OnlineN\u00e9vjegyk\u00e1rtya.hu","og_url":"https:\/\/onlinenevjegykartya.hu\/szerk\/kosar\/","og_site_name":"OnlineN\u00e9vjegyk\u00e1rtya.hu","twitter_card":"summary_large_image","schema":{"@context":"https:\/\/schema.org","@graph":[{"@type":"WebPage","@id":"https:\/\/onlinenevjegykartya.hu\/szerk\/kosar\/","url":"https:\/\/onlinenevjegykartya.hu\/szerk\/kosar\/","name":"Kos\u00e1r - OnlineN\u00e9vjegyk\u00e1rtya.hu","isPartOf":{"@id":"https:\/\/onlinenevjegykartya.hu\/szerk\/#website"},"datePublished":"2020-07-29T14:45:36+00:00","breadcrumb":{"@id":"https:\/\/onlinenevjegykartya.hu\/szerk\/kosar\/#breadcrumb"},"inLanguage":"hu","potentialAction":[{"@type":"ReadAction","target":["https:\/\/onlinenevjegykartya.hu\/szerk\/kosar\/"]}]},{"@type":"BreadcrumbList","@id":"https:\/\/onlinenevjegykartya.hu\/szerk\/kosar\/#breadcrumb","itemListElement":[{"@type":"ListItem","position":1,"name":"Kezd\u0151lap","item":"https:\/\/onlinenevjegykartya.hu\/szerk\/"},{"@type":"ListItem","position":2,"name":"Kos\u00e1r"}]},{"@type":"WebSite","@id":"https:\/\/onlinenevjegykartya.hu\/szerk\/#website","url":"https:\/\/onlinenevjegykartya.hu\/szerk\/","name":"OnlineN\u00e9vjegyk\u00e1rtya.hu","description":"n\u00e9vjegyk\u00e1rtya k\u00e9sz\u00edt\u00e9s","potentialAction":[{"@type":"SearchAction","target":{"@type":"EntryPoint","urlTemplate":"https:\/\/onlinenevjegykartya.hu\/szerk\/?s={search_term_string}"},"query-input":{"@type":"PropertyValueSpecification","valueRequired":true,"valueName":"search_term_string"}}],"inLanguage":"hu"}]}},"jetpack_sharing_enabled":true,"_links":{"self":[{"href":"https:\/\/onlinenevjegykartya.hu\/szerk\/wp-json\/wp\/v2\/pages\/7","targetHints":{"allow":["GET"]}}],"collection":[{"href":"https:\/\/onlinenevjegykartya.hu\/szerk\/wp-json\/wp\/v2\/pages"}],"about":[{"href":"https:\/\/onlinenevjegykartya.hu\/szerk\/wp-json\/wp\/v2\/types\/page"}],"author":[{"embeddable":true,"href":"https:\/\/onlinenevjegykartya.hu\/szerk\/wp-json\/wp\/v2\/users\/1"}],"replies":[{"embeddable":true,"href":"https:\/\/onlinenevjegykartya.hu\/szerk\/wp-json\/wp\/v2\/comments?post=7"}],"version-history":[{"count":0,"href":"https:\/\/onlinenevjegykartya.hu\/szerk\/wp-json\/wp\/v2\/pages\/7\/revisions"}],"wp:attachment":[{"href":"https:\/\/onlinenevjegykartya.hu\/szerk\/wp-json\/wp\/v2\/media?parent=7"}],"curies":[{"name":"wp","href":"https:\/\/api.w.org\/{rel}","templated":true}]}}